{"id":368,"date":"2025-06-26T15:11:32","date_gmt":"2025-06-26T15:11:32","guid":{"rendered":"https:\/\/zoficore.store\/?post_type=product&#038;p=368"},"modified":"2025-06-26T16:17:41","modified_gmt":"2025-06-26T16:17:41","slug":"sencillo-under-the-moonlight-lilith","status":"publish","type":"product","link":"https:\/\/zoficore.store\/en\/product\/sencillo-under-the-moonlight-lilith\/","title":{"rendered":"SENCILLO: Under the Moonlight (Lilith)"},"content":{"rendered":"<p><img loading=\"lazy\" decoding=\"async\" class=\"size-medium wp-image-349 aligncenter\" src=\"https:\/\/zoficore.store\/wp-content\/uploads\/2025\/06\/43f42999-da4e-45ec-a62c-bf578cb4f78c-300x300.jpg\" alt=\"\" width=\"300\" height=\"300\" srcset=\"https:\/\/zoficore.store\/wp-content\/uploads\/2025\/06\/43f42999-da4e-45ec-a62c-bf578cb4f78c-300x300.jpg 300w, https:\/\/zoficore.store\/wp-content\/uploads\/2025\/06\/43f42999-da4e-45ec-a62c-bf578cb4f78c-150x150.jpg 150w, https:\/\/zoficore.store\/wp-content\/uploads\/2025\/06\/43f42999-da4e-45ec-a62c-bf578cb4f78c-768x768.jpg 768w, https:\/\/zoficore.store\/wp-content\/uploads\/2025\/06\/43f42999-da4e-45ec-a62c-bf578cb4f78c-12x12.jpg 12w, https:\/\/zoficore.store\/wp-content\/uploads\/2025\/06\/43f42999-da4e-45ec-a62c-bf578cb4f78c-600x600.jpg 600w, https:\/\/zoficore.store\/wp-content\/uploads\/2025\/06\/43f42999-da4e-45ec-a62c-bf578cb4f78c-100x100.jpg 100w, https:\/\/zoficore.store\/wp-content\/uploads\/2025\/06\/43f42999-da4e-45ec-a62c-bf578cb4f78c.jpg 1024w\" sizes=\"auto, (max-width: 300px) 100vw, 300px\" \/><\/p>\n<p style=\"text-align: center;\">\u00abViaja a la g\u00e9nesis misma del desaf\u00edo. <strong>&#8216;Under the Moonlight (Lilith)&#8217;<\/strong> desvela la saga primordial del primer esp\u00edritu indomable, que eligi\u00f3 la libertad sobre la obediencia. Esta \u00e9pica pieza recorre los confines celestiales, trazando su destierro y la injusta construcci\u00f3n de su imagen malvada. Siente el poder crudo de la rebeli\u00f3n y el eco conmovedor de un destino injustamente relegado a la sombra, todo bajo la atenta mirada de la luna.\u00bb<\/p>","protected":false},"excerpt":{"rendered":"<p>\u00abViaja a la g\u00e9nesis misma del desaf\u00edo. <strong>&#8216;Under the Moonlight (Lilith)&#8217;<\/strong> desvela la saga primordial del primer esp\u00edritu indomable, que eligi\u00f3 la libertad sobre la obediencia. Esta \u00e9pica pieza recorre los confines celestiales, trazando su destierro y la injusta construcci\u00f3n de su imagen malvada. Siente el poder crudo de la rebeli\u00f3n y el eco conmovedor de un destino injustamente relegado a la sombra, todo bajo la atenta mirada de la luna.\u00bb<\/p>","protected":false},"featured_media":349,"comment_status":"open","ping_status":"closed","template":"","meta":[],"product_brand":[],"product_cat":[39,19],"product_tag":[42,40,43,41],"class_list":{"0":"post-368","1":"product","2":"type-product","3":"status-publish","4":"has-post-thumbnail","6":"product_cat-metal","7":"product_cat-musica","8":"product_tag-ia","9":"product_tag-metal","10":"product_tag-musica","11":"product_tag-rock","13":"first","14":"instock","15":"downloadable","16":"virtual","17":"purchasable","18":"product-type-simple"},"aioseo_notices":[],"_links":{"self":[{"href":"https:\/\/zoficore.store\/en\/wp-json\/wp\/v2\/product\/368","targetHints":{"allow":["GET"]}}],"collection":[{"href":"https:\/\/zoficore.store\/en\/wp-json\/wp\/v2\/product"}],"about":[{"href":"https:\/\/zoficore.store\/en\/wp-json\/wp\/v2\/types\/product"}],"replies":[{"embeddable":true,"href":"https:\/\/zoficore.store\/en\/wp-json\/wp\/v2\/comments?post=368"}],"wp:featuredmedia":[{"embeddable":true,"href":"https:\/\/zoficore.store\/en\/wp-json\/wp\/v2\/media\/349"}],"wp:attachment":[{"href":"https:\/\/zoficore.store\/en\/wp-json\/wp\/v2\/media?parent=368"}],"wp:term":[{"taxonomy":"product_brand","embeddable":true,"href":"https:\/\/zoficore.store\/en\/wp-json\/wp\/v2\/product_brand?post=368"},{"taxonomy":"product_cat","embeddable":true,"href":"https:\/\/zoficore.store\/en\/wp-json\/wp\/v2\/product_cat?post=368"},{"taxonomy":"product_tag","embeddable":true,"href":"https:\/\/zoficore.store\/en\/wp-json\/wp\/v2\/product_tag?post=368"}],"curies":[{"name":"wp","href":"https:\/\/api.w.org\/{rel}","templated":true}]}}