{"id":373,"date":"2025-06-26T15:52:36","date_gmt":"2025-06-26T15:52:36","guid":{"rendered":"https:\/\/zoficore.store\/?post_type=product&#038;p=373"},"modified":"2025-06-26T15:52:36","modified_gmt":"2025-06-26T15:52:36","slug":"sencillo-lilith-the-first-light","status":"publish","type":"product","link":"https:\/\/zoficore.store\/en\/product\/sencillo-lilith-the-first-light\/","title":{"rendered":"SENCILLO: Lilith, the First Light"},"content":{"rendered":"<p><img loading=\"lazy\" decoding=\"async\" class=\"alignnone size-medium wp-image-351 aligncenter\" src=\"https:\/\/zoficore.store\/wp-content\/uploads\/2025\/06\/e0a6abe8-57ff-481f-ad30-a004630b57f9-300x300.jpg\" alt=\"\" width=\"300\" height=\"300\" srcset=\"https:\/\/zoficore.store\/wp-content\/uploads\/2025\/06\/e0a6abe8-57ff-481f-ad30-a004630b57f9-300x300.jpg 300w, https:\/\/zoficore.store\/wp-content\/uploads\/2025\/06\/e0a6abe8-57ff-481f-ad30-a004630b57f9-150x150.jpg 150w, https:\/\/zoficore.store\/wp-content\/uploads\/2025\/06\/e0a6abe8-57ff-481f-ad30-a004630b57f9-768x768.jpg 768w, https:\/\/zoficore.store\/wp-content\/uploads\/2025\/06\/e0a6abe8-57ff-481f-ad30-a004630b57f9-12x12.jpg 12w, https:\/\/zoficore.store\/wp-content\/uploads\/2025\/06\/e0a6abe8-57ff-481f-ad30-a004630b57f9-600x600.jpg 600w, https:\/\/zoficore.store\/wp-content\/uploads\/2025\/06\/e0a6abe8-57ff-481f-ad30-a004630b57f9-100x100.jpg 100w, https:\/\/zoficore.store\/wp-content\/uploads\/2025\/06\/e0a6abe8-57ff-481f-ad30-a004630b57f9.jpg 1024w\" sizes=\"auto, (max-width: 300px) 100vw, 300px\" \/><\/p>\n<p style=\"text-align: center;\">\u00abDesvela los misterios de un amanecer naciente.<strong> &#8216;Lilith: First Light&#8217;<\/strong> te sumerge en un paisaje sonoro evocador, donde melod\u00edas intrincadas se entrelazan con un ritmo cautivador, gui\u00e1ndote a trav\u00e9s de un viaje atmosf\u00e9rico. Descubre un despertar sutil, pero poderoso, una mezcla fascinante de luz y sombra en cada nota.\u00bb<\/p>","protected":false},"excerpt":{"rendered":"<p>\u00abDesvela los misterios de un amanecer naciente.<strong> &#8216;Lilith: First Light&#8217;<\/strong> te sumerge en un paisaje sonoro evocador, donde melod\u00edas intrincadas se entrelazan con un ritmo cautivador, gui\u00e1ndote a trav\u00e9s de un viaje atmosf\u00e9rico. Descubre un despertar sutil, pero poderoso, una mezcla fascinante de luz y sombra en cada nota.\u00bb<\/p>","protected":false},"featured_media":351,"comment_status":"open","ping_status":"closed","template":"","meta":[],"product_brand":[],"product_cat":[39,19],"product_tag":[42,40,43,41],"class_list":{"0":"post-373","1":"product","2":"type-product","3":"status-publish","4":"has-post-thumbnail","6":"product_cat-metal","7":"product_cat-musica","8":"product_tag-ia","9":"product_tag-metal","10":"product_tag-musica","11":"product_tag-rock","13":"first","14":"instock","15":"downloadable","16":"virtual","17":"purchasable","18":"product-type-simple"},"aioseo_notices":[],"_links":{"self":[{"href":"https:\/\/zoficore.store\/en\/wp-json\/wp\/v2\/product\/373","targetHints":{"allow":["GET"]}}],"collection":[{"href":"https:\/\/zoficore.store\/en\/wp-json\/wp\/v2\/product"}],"about":[{"href":"https:\/\/zoficore.store\/en\/wp-json\/wp\/v2\/types\/product"}],"replies":[{"embeddable":true,"href":"https:\/\/zoficore.store\/en\/wp-json\/wp\/v2\/comments?post=373"}],"wp:featuredmedia":[{"embeddable":true,"href":"https:\/\/zoficore.store\/en\/wp-json\/wp\/v2\/media\/351"}],"wp:attachment":[{"href":"https:\/\/zoficore.store\/en\/wp-json\/wp\/v2\/media?parent=373"}],"wp:term":[{"taxonomy":"product_brand","embeddable":true,"href":"https:\/\/zoficore.store\/en\/wp-json\/wp\/v2\/product_brand?post=373"},{"taxonomy":"product_cat","embeddable":true,"href":"https:\/\/zoficore.store\/en\/wp-json\/wp\/v2\/product_cat?post=373"},{"taxonomy":"product_tag","embeddable":true,"href":"https:\/\/zoficore.store\/en\/wp-json\/wp\/v2\/product_tag?post=373"}],"curies":[{"name":"wp","href":"https:\/\/api.w.org\/{rel}","templated":true}]}}