{"id":374,"date":"2025-06-26T16:00:12","date_gmt":"2025-06-26T16:00:12","guid":{"rendered":"https:\/\/zoficore.store\/?post_type=product&#038;p=374"},"modified":"2025-06-26T16:00:12","modified_gmt":"2025-06-26T16:00:12","slug":"sencillo-queen-of-darkness","status":"publish","type":"product","link":"https:\/\/zoficore.store\/en\/product\/sencillo-queen-of-darkness\/","title":{"rendered":"SENCILLO: Queen of Darkness"},"content":{"rendered":"<p><img loading=\"lazy\" decoding=\"async\" class=\"size-medium wp-image-352 aligncenter\" src=\"https:\/\/zoficore.store\/wp-content\/uploads\/2025\/06\/th-5-300x300.jpg\" alt=\"\" width=\"300\" height=\"300\" srcset=\"https:\/\/zoficore.store\/wp-content\/uploads\/2025\/06\/th-5-300x300.jpg 300w, https:\/\/zoficore.store\/wp-content\/uploads\/2025\/06\/th-5-150x150.jpg 150w, https:\/\/zoficore.store\/wp-content\/uploads\/2025\/06\/th-5-768x768.jpg 768w, https:\/\/zoficore.store\/wp-content\/uploads\/2025\/06\/th-5-12x12.jpg 12w, https:\/\/zoficore.store\/wp-content\/uploads\/2025\/06\/th-5-600x600.jpg 600w, https:\/\/zoficore.store\/wp-content\/uploads\/2025\/06\/th-5-100x100.jpg 100w, https:\/\/zoficore.store\/wp-content\/uploads\/2025\/06\/th-5.jpg 1024w\" sizes=\"auto, (max-width: 300px) 100vw, 300px\" \/><\/p>\n<p style=\"text-align: center;\">\u00abUn susurro escalofriante en la oscuridad de la noche enciende una obsesi\u00f3n. <strong>&#8216;Queen of Darkness&#8217;<\/strong> desciende con un peso aplastante y una furia implacable, arrastr\u00e1ndote a un reino donde las sombras danzan y una voz seductora consume el alma. Prep\u00e1rate para un descenso a la oscuridad, un asalto s\u00f3nico implacable alimentado por el deseo y la desesperaci\u00f3n.\u00bb<\/p>","protected":false},"excerpt":{"rendered":"<p>&#8216;Queen of Darkness&#8217; desciende con un peso aplastante y una furia implacable<\/p>","protected":false},"featured_media":352,"comment_status":"open","ping_status":"closed","template":"","meta":[],"product_brand":[],"product_cat":[39,19],"product_tag":[42,40,43,41],"class_list":{"0":"post-374","1":"product","2":"type-product","3":"status-publish","4":"has-post-thumbnail","6":"product_cat-metal","7":"product_cat-musica","8":"product_tag-ia","9":"product_tag-metal","10":"product_tag-musica","11":"product_tag-rock","13":"first","14":"instock","15":"downloadable","16":"virtual","17":"purchasable","18":"product-type-simple"},"aioseo_notices":[],"_links":{"self":[{"href":"https:\/\/zoficore.store\/en\/wp-json\/wp\/v2\/product\/374","targetHints":{"allow":["GET"]}}],"collection":[{"href":"https:\/\/zoficore.store\/en\/wp-json\/wp\/v2\/product"}],"about":[{"href":"https:\/\/zoficore.store\/en\/wp-json\/wp\/v2\/types\/product"}],"replies":[{"embeddable":true,"href":"https:\/\/zoficore.store\/en\/wp-json\/wp\/v2\/comments?post=374"}],"wp:featuredmedia":[{"embeddable":true,"href":"https:\/\/zoficore.store\/en\/wp-json\/wp\/v2\/media\/352"}],"wp:attachment":[{"href":"https:\/\/zoficore.store\/en\/wp-json\/wp\/v2\/media?parent=374"}],"wp:term":[{"taxonomy":"product_brand","embeddable":true,"href":"https:\/\/zoficore.store\/en\/wp-json\/wp\/v2\/product_brand?post=374"},{"taxonomy":"product_cat","embeddable":true,"href":"https:\/\/zoficore.store\/en\/wp-json\/wp\/v2\/product_cat?post=374"},{"taxonomy":"product_tag","embeddable":true,"href":"https:\/\/zoficore.store\/en\/wp-json\/wp\/v2\/product_tag?post=374"}],"curies":[{"name":"wp","href":"https:\/\/api.w.org\/{rel}","templated":true}]}}