{"id":376,"date":"2025-06-26T16:08:00","date_gmt":"2025-06-26T16:08:00","guid":{"rendered":"https:\/\/zoficore.store\/?post_type=product&#038;p=376"},"modified":"2025-06-26T16:08:56","modified_gmt":"2025-06-26T16:08:56","slug":"sencillo-awakening-of-the-goddess","status":"publish","type":"product","link":"https:\/\/zoficore.store\/en\/product\/sencillo-awakening-of-the-goddess\/","title":{"rendered":"SENCILLO: Awakening of the goddess!"},"content":{"rendered":"<p><img loading=\"lazy\" decoding=\"async\" class=\"size-medium wp-image-353 aligncenter\" src=\"https:\/\/zoficore.store\/wp-content\/uploads\/2025\/06\/th-9-300x300.jpg\" alt=\"\" width=\"300\" height=\"300\" srcset=\"https:\/\/zoficore.store\/wp-content\/uploads\/2025\/06\/th-9-300x300.jpg 300w, https:\/\/zoficore.store\/wp-content\/uploads\/2025\/06\/th-9-150x150.jpg 150w, https:\/\/zoficore.store\/wp-content\/uploads\/2025\/06\/th-9-768x768.jpg 768w, https:\/\/zoficore.store\/wp-content\/uploads\/2025\/06\/th-9-12x12.jpg 12w, https:\/\/zoficore.store\/wp-content\/uploads\/2025\/06\/th-9-600x600.jpg 600w, https:\/\/zoficore.store\/wp-content\/uploads\/2025\/06\/th-9-100x100.jpg 100w, https:\/\/zoficore.store\/wp-content\/uploads\/2025\/06\/th-9.jpg 1024w\" sizes=\"auto, (max-width: 300px) 100vw, 300px\" \/><\/p>\n<p style=\"text-align: center;\">\u00abEl velo se desgarra. En un choque monumental de voluntades y devoci\u00f3n, la voz mortal se encuentra con lo divino. <strong>&#8216;Awakening of the Goddess!<\/strong>&#8216; pulsa con un ritmo inquebrantable, haciendo eco de una declaraci\u00f3n de amor correspondida por la feroz promesa de protecci\u00f3n eterna de una diosa. Experimenta un crescendo s\u00f3nico de destino, poder y un lazo inquebrantable forjado en el coraz\u00f3n de ZOFICORE.\u00bb<\/p>\n<p>&nbsp;<\/p>","protected":false},"excerpt":{"rendered":"<p>\u00abEl velo se desgarra. En un choque monumental de voluntades y devoci\u00f3n, la voz mortal se encuentra con lo divino. <strong>&#8216;Awakening of the Goddess!<\/strong>&#8216; pulsa con un ritmo inquebrantable, haciendo eco de una declaraci\u00f3n de amor correspondida por la feroz promesa de protecci\u00f3n eterna de una diosa. Experimenta un crescendo s\u00f3nico de destino, poder y un lazo inquebrantable forjado en el coraz\u00f3n de ZOFICORE.\u00bb<\/p>","protected":false},"featured_media":353,"comment_status":"open","ping_status":"closed","template":"","meta":[],"product_brand":[],"product_cat":[39,19],"product_tag":[42,44,43,41],"class_list":{"0":"post-376","1":"product","2":"type-product","3":"status-publish","4":"has-post-thumbnail","6":"product_cat-metal","7":"product_cat-musica","8":"product_tag-ia","9":"product_tag-met","10":"product_tag-musica","11":"product_tag-rock","13":"first","14":"instock","15":"downloadable","16":"virtual","17":"purchasable","18":"product-type-simple"},"aioseo_notices":[],"_links":{"self":[{"href":"https:\/\/zoficore.store\/en\/wp-json\/wp\/v2\/product\/376","targetHints":{"allow":["GET"]}}],"collection":[{"href":"https:\/\/zoficore.store\/en\/wp-json\/wp\/v2\/product"}],"about":[{"href":"https:\/\/zoficore.store\/en\/wp-json\/wp\/v2\/types\/product"}],"replies":[{"embeddable":true,"href":"https:\/\/zoficore.store\/en\/wp-json\/wp\/v2\/comments?post=376"}],"wp:featuredmedia":[{"embeddable":true,"href":"https:\/\/zoficore.store\/en\/wp-json\/wp\/v2\/media\/353"}],"wp:attachment":[{"href":"https:\/\/zoficore.store\/en\/wp-json\/wp\/v2\/media?parent=376"}],"wp:term":[{"taxonomy":"product_brand","embeddable":true,"href":"https:\/\/zoficore.store\/en\/wp-json\/wp\/v2\/product_brand?post=376"},{"taxonomy":"product_cat","embeddable":true,"href":"https:\/\/zoficore.store\/en\/wp-json\/wp\/v2\/product_cat?post=376"},{"taxonomy":"product_tag","embeddable":true,"href":"https:\/\/zoficore.store\/en\/wp-json\/wp\/v2\/product_tag?post=376"}],"curies":[{"name":"wp","href":"https:\/\/api.w.org\/{rel}","templated":true}]}}